{"id":13037,"date":"2012-04-08T01:31:18","date_gmt":"2012-04-07T23:31:18","guid":{"rendered":"https:\/\/www.aparences.net\/bibliografia\/"},"modified":"2020-01-23T09:30:49","modified_gmt":"2020-01-23T08:30:49","slug":"bibliografia","status":"publish","type":"page","link":"https:\/\/www.aparences.net\/es\/bibliografia\/","title":{"rendered":"Bibliograf\u00eda"},"content":{"rendered":"\n<ul class=\"wp-block-list\"><li> Acidini-Luchinat, Cristina, Botticelli : Les all\u00e9gories mythologiques, Gallimard, 2001<\/li><li> Acidini-Luchinat, Cristina, La Chapelle des Mages : Benozzo Gozzoli, Gallimard 1994<\/li><li> Alberti, Leon-Battista, L\u2019Art d\u2019\u00e9difier, (Traduction Fran\u00e7oise Choay), Paris, Seuil, 2004<\/li><li> Arasse Daniel, Le Sujet dans le tableau, Paris, Flammarion, 1997<\/li><li> Arasse Daniel, L\u2019Homme en perspective. Les primitifs d\u2019Italie, Gen\u00e8ve, 1986<\/li><li> Arasse Daniel, L\u2019homme en jeu, Hazan, 2008<\/li><li> Arasse, Daniel, Histoires de peintures, Editions Gallimard, 2006<\/li><li> Arasse, Daniel, Le D\u00e9tail : Pour une histoire rapproch\u00e9e de la peinture, Flammarion, 1998<\/li><li> Argan G. Brunelleschi, Paris, Macula, 1981<\/li><li> Argan, G. et R. Wittkower, Perspective et Histoire au Quattrocento, Paris, Les Editions de la Passion, 1990<\/li><li> Avery C. La Sculpture florentine de la Renaissance, Paris, Le Livre de Poche, 1996<\/li><li> Baldini, Umberto, Masaccio, Gallimard, 2001<\/li><li> Ballar\u00e8, Enrica, L\u2019art \u00e0 Milan, Editions Hazan, 2002<\/li><li> Baticle, Janine, Vel\u00e1zquez : peintre hidalgo, Gallimard, 1989<\/li><li> Battisti, Eugenio, Filippo Brunelleschi, Phaidon, 2003<\/li><li> Baxandall, M. Les Humanistes \u00e0 la d\u00e9couverte de la composition en peinture. 1340-1450, Paris, Le Seuil, 1989<\/li><li> Baxandall, M. L\u2019Oeil du Quattrocento. L\u2019usage de la peinture dans l\u2019Italie de la Renaissance, Paris, Gallimard, 1985<\/li><li> Bazin, Germain, Destins du baroque, Hachette Groupe Livre, Paris, 1968<\/li><li> Bellosi, Luciano, Cimabue, Actes Sud, 1998<\/li><li> Bertelli, Carlo, Piero della Francesca e le corti italiane, Skira, 2007<\/li><li> Bietoletti, Silvestra, Florence : Art et civilisation, Editions Place des Victoires, 2009<\/li><li> Blunt, Anthony, Art et architecture en France, 1500-1700, Macula 1983<\/li><li> Blunt, Anthony, Nicolas Poussin, Pallas Athene, Publishing, Londres 1995<\/li><li> Boisset, Jean-Fran\u00e7ois. La renaissance italienne, 1996<\/li><li> Bonnefoy Yves, Rome, 1630 \u2013 L\u2019Horizon du premier baroque, Flammarion, Paris 2000<\/li><li> Borchert, Till-Holger, Les portraits de Memling, Ludion, Gand, 2005<\/li><li> Borng\u00e4sser, Barbara, Toman, Rolf, L\u2019art du baroque, Architecture, Sculpture, Peinture, K\u00f6nemann, 1998<\/li><li> Borsi, Franco \u2013 Borsi, Stefano, Masaccio, Hazan, 1998<\/li><li> Borsi, Franco \u2013 Borsi, Stefano, Paolo Uccello, Thames &amp; H<\/li><li> Bottineau, Yves, L\u2019art baroque, Citadelle &amp; Mazenod, Paris, r\u00e9\u00e9d. 2006<\/li><li> Boucher, Fran\u00e7ois, Histoire du costume en occident de l\u2019antiquit\u00e9 \u00e0 nos jours, Paris, Flammarion, 1983 Braudel,Fernand, Le mod\u00e8le italien. Paris : Arthaud, 1985<\/li><li> Brenot, Anne-Marie, Sienne au XIVe si\u00e8cle dans les fresques de Lorenzetti, L\u2019Harmattan, 2000<\/li><li> Brice, Catherine, Histoire de l\u2019Italie. Paris : Hatier, 1992<\/li><li> Briganti, Giuliano, Le mani\u00e9risme italien, G\u00e9rard Monfort, Paris<\/li><li> Brow, Patricia Fortini, La Renaissance \u00e0Venise, Flammarion, 1997<\/li><li> Buranelli, Francesco, Fra Angelico : la chapelle Niccoline du Vatican : Histoire et restauration, Citadelles &amp; Mazenod, 2003<\/li><li> Burke, P. La Renaissance en Italie : art, culture, soci\u00e9t\u00e9, Paris, Hazan, 1991<\/li><li> Burke, Peter, El Renacimiento italianno, Cultura y sociedad en Italia, Alianza Forma, Madrid,2001<\/li><li> B\u00e9guin, Sylvie, L\u2019\u00e9cole de Fontainebleau, Gonthier-Seghers, 1960<\/li><li> B\u00e9guin, Sylvie, Temps modernes, 1430-1620, Flammarion, 1994<\/li><li> Cadogan, Jean K. Domenico Ghirlandaio : Artist and Artisan, Yale University Press, 2001<\/li><li> Carli, Enzo, La peinture siennoise, 1955<\/li><li> Casagnes-Brouquet, Sophie, Les couleurs de la norme et de la d\u00e9viance : Les fresques d\u2019Ambrogio Lorenzetti au Palazzo Publico de Sienne, Eud, 1993<\/li><li> Castria Marchetti, Francesca, Giorgi, Rosa, El barroco, de Caravaggio a Tiepolo, Electa, Barcelona, 2005<\/li><li> Charpentat, Pierre, L\u2019Art baroque, PUF, 1967<\/li><li> Chastel A. Fables, Formes, Figures, Paris, Flammarion, 2000<\/li><li> Chastel, A. Art et humanisme \u00e0 Florence au temps de Laurent le Magnifique, Paris, Flammarion, 1961<\/li><li> Chastel, A. L\u2019Art italien, Paris, Flammarion, 1999<\/li><li> Chastel, A. Marsile Ficin et l\u2019Art, Gen\u00e8ve, Librairie Droz, S.A.<\/li><li> Chastel, A. Marsile Ficin et l\u2019art, Gen\u00e8ve, Librairie Droz, 1975<\/li><li> Chastel, A. Renaissance Italienne 1460-1500, Editions Gallimard, 1999<\/li><li> Chastel, Andr\u00e9, L\u2019Art italien, Flammarion, 1999<\/li><li> Chastel, Andr\u00e9, L\u2019humanisme, Skira, 1995<\/li><li> Chelazzi Dini, Giulietta, Les peintres de Sienne, Actes Sud, 2009<\/li><li> Chiarelli, Renzo, Tout l\u2019oeuvre de Pisanello, Abebooks, Paris, 1987<\/li><li> Christiansen, Keith, Andrea Mantegna, George Braziller Inc., 1995<\/li><li> Colalucci, G. \u2013 De Vecchi, P. Michel- Ange : La Chapelle Sixtine, Citadelle &amp; Mazenod, 1997<\/li><li> Cole, Alison, Virtue and Magnificence, New York, Abrams, 1995<\/li><li> Collectif, Filippo et Filippino Lippi, La renaissance \u00e0 Prato, Silvana Editoriale, 2009<\/li><li> Collectif, La L\u00e9gende dor\u00e9e de Jacques de Voragine, Diane de Selliers, 2009<\/li><li> Collectif, Le Si\u00e8cle de Van Eyck, 1430-1530 : Le Monde m\u00e9diterran\u00e9en et les Primitifs Flamands, Bruges, Ludion, 2002<\/li><li> Collectif, Les primitifs italiens : Splendeurs du mus\u00e9e d\u2019Altenbourg, Fonds Mercator, 2009<\/li><li> Conti, Alessandro, Michel-Ange et la peinture \u00e0 fresque, la Maison Usher, 1987<\/li><li> Corti-Cantini, Laura, Cosimo de\u2019Medici and the Florentine Renaissance, New Haven et Londres, 2000<\/li><li> Cros, Philippe, Peintures anciennes, Somogy, 2000<\/li><li> Crouzet-Pavan, Elisabeth, Renaissances italiennes, Paris, Albin Michel, 2007<\/li><li> De Nicol\u00f2 Salmazo, Alberta, Mantegna, Citadelles &amp; Mazenod, 2004<\/li><li> De Pictura, texte latin et traduit par Jean Louis Schefer, Macula, D\u00e9dale, Paris 1992.<\/li><li> De Vecchi, Pierluigi, V\u00e9ron\u00e8se profane, Skira Editore, 2004<\/li><li> Delumeau, Jean-Pierre \u2013 Heullant-Donat, Isabelle, L\u2019Italie au Moyen \u00e2ge, Ve-XVe si\u00e8cle, Paris, Hachette, 2000<\/li><li> Delumeau, Jean-Pierre, La Civilisation de la Renaissance, Arthaud, Paris, 1984<\/li><li> Descargues, Pierre, Vermeer, Gen\u00e8ve, Editions d\u2019Art Albert Skira, 1966<\/li><li> Diderot, Denis, Salon de 1763, Salon de 1765<\/li><li> Didi-Huberman, G. Devant l\u2019image. Questions pos\u00e9es aux fins d\u2019une histoire de l\u2019art, Paris, Editions de Minuit, 1990<\/li><li> Dubus Pascale, Domenico Beccafumi \u2013 Soci\u00e9t\u00e9 Nouvelle Adam Biro, Paris, 1999<\/li><li> Duchet-Suchaux, G. \u2013 Pastoureau, M. La Bible et les Saints, Guide iconographique, Paris, Flammarion, 1994<\/li><li> Eco, Humberto, Histoire de la beaut\u00e9, Flammarion, 2004<\/li><li> Edgerton, S. The Renaissance rediscovery of Linear Perspective, New York, 1975<\/li><li> Emiliani Andrea, del Campo Margarita, Rapha\u00ebl : La Chambre de la Signature, Paris, Gallimard, 2002<\/li><li> Falgui\u00e8re, Patricia, Le mani\u00e9risme, Gallimard, 2004<\/li><li> Faure, E. L\u2019Art renaissant, Le Livre de Poche, 1967<\/li><li> Ferr\u00e9, Jean, Watteau, Editions Athena, 4 vol., 1972<\/li><li> Forcellino, Antonio, Michel-Ange : Une vie inqui\u00e8te, Seuil, 2006<\/li><li> Forcellino, Antonio, Rapha\u00ebl, Paris, Editions du Seuil, 2008<\/li><li> Forlani Tempesti, Anna, Pontormo, Paris, Editions du F\u00e9lin, 1996<\/li><li> Fortini Browm Patricia, La Renaissance \u00e0 Venise, Flammarion, Paris, 1997<\/li><li> Fournel, Jean-Louis, Les guerres d\u2019Italie, Gallimard, 2003<\/li><li> Francastel, P. La Figure et le lieu. L\u2019ordre visuel du Quattrocento, Paris, Deno\u00ebl-Gonthier, 1980<\/li><li> Francastel, P. La R\u00e9alit\u00e9 figurative, Paris, Deno\u00ebl-Gonthier, 1965<\/li><li> Francastel, P. Pintura y sociedad, Ediciones C\u00e1tedra, Madrid, 1990<\/li><li> Fran\u00e7ois Boucher : Hier et Aujourd\u2019hui, R\u00e9union des Mus\u00e9es Nationaux, 2003<\/li><li> Fumaroli, Marc, L\u2019\u00c9cole du silence, Le sentiment des images au XVIIIe si\u00e8cle, Champs Arts, Flammarion, Paris, 1998<\/li><li> Furlotti, Barbara, L\u2019art \u00e0 Mantoue, Editions Hazan, Paris, 2008<\/li><li> Gadol, Joan Kelly, Leon Battista Alberti, \u00c9ditions Verdier, 1995<\/li><li> Galletti, G. \u2013 Acidini Luchinat C. Jardins des M\u00e9dicis, Actes Sud, 1997<\/li><li> Garin, E. L\u2019homme de la Renaissance, Paris, Seuil, 2000<\/li><li> Garin, E. Moyen-\u00c2ge et Renaissance, Paris, Gallimard, 1969<\/li><li> Garin, Eugenio, La Renaissance, Albin Michel, 2005<\/li><li> Giorgi, Rosa, L\u2019Art au XVIIe si\u00e8cle, Mondadori Electa, Milan, 2006<\/li><li> Glorieux, Guillaume, Watteau, Paris, Citadelles et Mazenod, 2011<\/li><li> Goldscheider, Ludwig, Michel-Ange : Peinture \u2013 Sculpture \u2013 Architecture, Phaldon Press Ltd., 2003<\/li><li> Gombrich, E.H., Histoire de l\u2019art, Phaidon, 2001 Gould, Cecil, Parmesan, Editions Abbeville, 1994<\/li><li> Gombrich, E.H., Norma y Forma, Estudios sobre el arte del Renacimiento, Random Hause Mondadori, Barcelona, 2002<\/li><li> G\u00e1llego, Juli\u00e1n, La Grande histoire de la peinture. La Peinture baroque et l\u2019art de cour : 1610-1690, Skira, Gen\u00e8ve, 1979<\/li><li> Hagen, Rose Marie, L\u2019art au XVIe si\u00e8cle, Taschen, 2001<\/li><li> Hagen, Rose-Marie &amp; Rainer, Los secretos de las obras de arte, Tomo I-II, Taschen, 2003<\/li><li> Humfrey, Peter, Carpaccio, Bordas, Paris, 1992 Hyde,<\/li><li> Humfrey, Peter, La peinture de la Renaissance \u00e0 Venise, Adetta, 1996<\/li><li> Hyman, Timothy, La peinture siennoise, Thames&amp;Hudson, l\u2019Univers de l\u2019Art, 2007<\/li><li> Jestaz, Bertrand, La renaissance de l\u2019architecture (de Brunelleschi \u00e0 Palladio), B. Jestaz, 1995<\/li><li> John Kenneth, Society and Politics in Medieval Italy. The evolution of the Civil Life, 1000-1350. New York, St. Martin\u2019s, 1973<\/li><li> Keazor, Henry, Nicolas Poussin 1594-1665, Taschen, 2007<\/li><li> King, Ross, Brunelleschi\u2019s Dome: How a Renaissance Genius Reinvented Architecture, Penguin Books, 1999<\/li><li> Kitson, Michael, The Age of Baroque, \u00e9d. McGraw-Hill, Londres, 1966<\/li><li> Klein, R. La Forme et l\u2019intelligible, Paris, Gallimard, 1970<\/li><li> Labande, Edmont-Ren\u00e9, L\u2019Italie de la Renaissance: Duecento, Trecento, Quattrocento. Evolution d\u2019une soci\u00e9t\u00e9, Paris, Payot, 1954<\/li><li> Larner, John, Italy in the Age of Dante and Petrach, 1216-1380, Londres, New York, Logman, 1980<\/li><li> Lassaigne, J. \u2013 Argan, G.C. La quinzi\u00e8me si\u00e8cle de van Eyck \u00e0 Botticelli, Gen\u00e8ve, 1955<\/li><li> Laufer, Roger, Style rococo, style des \u00abLumi\u00e8res\u00bb, Paris, J. Corti 1963<\/li><li> Lavin, M.A. The Place of Narrative. Mural Decoration in Italian Churches, 1431-1600, Londres et Chicago, 1990<\/li><li> Le Moll\u00e9, Roland \u2013 Giorgio Vasari, L\u2019homme des M\u00e9dicis, Paris, Grasset, 1995<\/li><li> Lema\u00eetre, Alain Jacques, Florence et la Renaissance, Pierre Terrail, 1992<\/li><li> Linghbown Ronald, Botticelli, Les Phares, 1990<\/li><li> Loilier, Herv\u00e9, Histoire des Arts, 1996<\/li><li> Longhi, Roberto, L\u2019Atelier de Ferrare, G\u00e9rard Montfort Editeur<\/li><li> Lopez, Robert Sabatino, La R\u00e9volution commerciale dans l\u2019Europe m\u00e9di\u00e9vale, 1974<\/li><li> Lopez-Rey, Jonathan, Vel\u00e1zquez \u2013 Catalogue raisonn\u00e9, Taschen, 2003<\/li><li> Lucco, Mauro, Giorgione, Gallimard, 1997<\/li><li> Marani, Pietro C., Leonard de Vinci, Gallimard, 1996<\/li><li> Marijnissen, Roger H., L\u2019ABCdaire de J\u00e9r\u00f4me Bosch, Flammarion, 2001<\/li><li> Marin, L. Opacit\u00e9 de la peinture. Essais sur la repr\u00e9sentation au Quattrocento, Paris, Usher, 1989<\/li><li> Mattioli Rossi, Laura, La chapelle Portinari, Actes Sud, 1999<\/li><li> Meiss Millard, La peinture \u00e0 Florence et \u00e0 Sienne apr\u00e8s la Peste noire, Hazan 1994<\/li><li> Mignot, Claude, Temps Modernes, Histoire de l\u2019Art, Flammarion, Paris, 2005<\/li><li> Minguet, Philippe, Esth\u00e9tique du rococo, Vrin 1979<\/li><li> Morel, Philippe, L\u2019art de la Renaissance entre science et magie, Somogy Editions d\u2019Art, 2006<\/li><li> Morel, Philippe, Magie, Astres et D\u00e9mons dans l\u2019art italien de la Renaissance, Hazan 2008<\/li><li> Moureau, Fran\u00e7ois, Le Go\u00fbt italien dans la France rocaille, Th\u00e9\u00e2tre, musique, peinture, Paris, Pups, 2011<\/li><li> Murray, Linda, La Haute Renaissance et le mani\u00e9risme, Thames &amp; Hudson, Paris, 1995<\/li><li> Murray, Pieter, L\u2019architecture de la renaissance italienne, Thames &amp; Hudson, Paris, 1995<\/li><li> Naples, ville-spectacle du XIVe au XIXe si\u00e8cle, Opus, Paris 1999<\/li><li> Nieto Alcalde, Victor, El Renacimiento, Ediciones Itsmo, Madrid, 2000<\/li><li> Panofsky, E. Essais d\u2019iconologie. Les th\u00e8mes humanistes dans l\u2019art de la Renaissance, Paris, Gallimard, 1967<\/li><li> Panofsky, E. Estudios sobre iconolog\u00eda, Alianza Universidad, Madrid, 1998<\/li><li> Panofsky, E. La vie et l\u2019oeuvre d\u2019Albrecht D\u00fcrer, Paris, Hazan, 1987<\/li><li> Panofsky, E. Les primitifs flamands, Paris, Hazan, 1992<\/li><li> Panofsky, E. L\u2019Oeuvre d\u2019art et ses significations, Paris, Gallimard, 1969<\/li><li> Paoli, Michel, Leon Battista Alberti, 1404-1472, Editions de l\u2019Imprimeur, 2004<\/li><li> Pauli, Tatjana, Piero della Francesca, La Martini\u00e8re, 2000<\/li><li> Pelegr\u00edn, Benito, D\u2019un temps d\u2019incertitude, Editions Sulliver, Paris, 2008<\/li><li> Pelegr\u00edn, Benito, Figurations de l\u2019infini, l\u2019\u00e2ge baroque europ\u00e9en, le Seuil, 2000<\/li><li> Pfeiffer Heinrich, La chapelle Sixtine r\u00e9v\u00e9l\u00e9e, Hazan, 2007<\/li><li> Philippot, P. La peinture dans les anciens Pays-Bas, XVe \u2013 XVIe si\u00e8cles, Flammarion, 1994<\/li><li> Pinelli, Antonio, La Belle Mani\u00e8re, Le Livre de Poche, 1996<\/li><li> Poeschke, J. Le Temps de Giotto, Citadelles &amp; Mazenod, 2003<\/li><li> Pommier, Edouard, Comment l\u2019art devient l\u2019Art, Gallimard 2007<\/li><li> Pope-Hennessy, John, Donatello, Editions Abbeville, 1999<\/li><li> Pope-Hennessy, John, Titien, Gallimard, 2004<\/li><li> Prater, Andreas et Bauer, Hermann, La peinture du baroque, Taschen, 1997<\/li><li> Procacci, Giuliano. Histoire des Italiens. Paris, Fayard, 1970<\/li><li> Rapelli, Paola, Symboles de pouvoir et grandes dynasties, Hazan, Guides d\u2019Art, 2005<\/li><li> Renouard, Yves. Les villes d\u2019Italie de la fin de Xe si\u00e8cle au d\u00e9but du XIVe si\u00e8cle, Paris, Soci\u00e9t\u00e9 d\u2019\u00e9dition d\u2019enseignement sup\u00e9rieur, 1969, 2 vol.<\/li><li> Roettgen, Steffi. Les Fresques italiennes de la Renaissance, tome 1, 1400-1470, Citadelle &amp; Mazenod, 1996<\/li><li> Roland Michel, Marianne, Chardin, \u00e9ditions Hazan, 1994<\/li><li> Rosenberg, Pierre et Temperini, Renaud, Poussin \u00abJe n\u2019ai rien n\u00e9glig\u00e9\u00bb, Reunion des mus\u00e9es nationaux, 1994<\/li><li> Rosenberg, Pierre, Chardin, Editions des Mus\u00e9es Nationaux, Paris, 1979<\/li><li> Rosenberg, Pierre, Watteau 1684-1721, Editions des Mus\u00e9es Nationaux, Paris, 1984<\/li><li> Sollers, Philippe, Watteau et les femmes, Flammarion, Paris, 1992<\/li><li> Stangerup, Henrik, Joachim Patinir, Flohic Ediitons, 1992<\/li><li> Steer John, La peinture v\u00e9nitienne, Thames &amp; Hudson, 1990<\/li><li> Stirnemann, Patricia, Les \u00abTr\u00e8s riches heures du Duc de Berry\u00bb et l\u2019enluminure en France au d\u00e9but du XVe si\u00e8cle, Somogy, 2006<\/li><li> Suckale, Robert, Gothique, Taschen, 2006<\/li><li> Tabacco, Giovanni, The struggle for power in medieval Italy: structures of political rule. Cambridge-N.Y., Cambridge Univ. Press, 1989<\/li><li> Tempestini Anchise, Giovanni Bellini, Milano, Editions Liana Levi 1997<\/li><li> Thoenes, Christof, Rapha\u00ebl, Taschen 2005 Thomas, A. The Painter\u2019s Practique in Renaissance Tuscany, Cambridge, 1995<\/li><li> Turner, R. La Renaissance \u00e0 Florence, Paris, Flammarion, 1997<\/li><li> Vasari, Giorgio, Les Vies des meilleurs peintres, sculpteurs et architectes, (Coffret 2 volumes) Actes Sud 2005<\/li><li> Vasari, Giorgio, Les Vies des meilleurs peintres, sculpteurs et architectes, \u00e9dition comment\u00e9e et traduction sous la direction d\u2019Andr\u00e9 Chastel, Berger-Levrault, 1984<\/li><li> Vieillard-Baron, Jean-Louis, Et in Arcadia ego. Poussin ou l\u2019immortalit\u00e9 du Beau, Editions Hermann, 2010<\/li><li> Villela-Petit, In\u00e8s, Le gothique internacional, Paris, Louvre-Hazan, 2004<\/li><li> V\u00f6hringer, Christian, Pieter Bruegel l\u2019Ancien, HF Ullmann, 2007<\/li><li> Waley, Daniel Philip, The italien city-republics, Londres, Logman, 1988<\/li><li> Warburg, A. Essais florentins, Paris, Klincksieck, 1990<\/li><li> Wirtz, Rolf C. Donatello, K\u00f6nemann, 1998<\/li><li> Wittkower, Rudolf, Art and Architecture in Italy, 1600-1750, Yale University Press, 1999<\/li><li> Wolf, Norbert, Diego Vel\u00e1zquez, 1599-1660, Taschen, 2003<\/li><li> Wolf, Norbert, Giotto di Bondone (1267-1337), Taschen, 2006<\/li><li> Wolf, Norbert, Hans Holbein le Jeune, Taschen, 2004<\/li><li> Wundram, Manfred, La peinture de la renaissance, 1997<\/li><li> W\u00f6lfflin, Heinrich, Renaissance et baroque, \u00e9d. G. Montfort, Brionne, 1997<\/li><li> Zeri, Federico, Derri\u00e8re l\u2019image, Paris, Editions Rivages<\/li><li> Zeri, Federico, Le mythe visuel de l\u2019Italie, Rivages poche, 2001<\/li><li> Zeri, Federico, Renaissance et pseudo-Renaissance, ibidem<\/li><li> Zuffi, Stefano, D\u00fcrer, Gallimard, 2000<\/li><li> Zuffi, Stefano, Fresques de Giotto \u00e0 Michel-Ange, Flammarion, 2003<\/li><li> Zuffi, Stefano, La peinture baroque, Gallimard, Paris, 1999<\/li><li> Zuffi, Stefano, Le portrait, Gallimard, 2001<\/li><li> Zuffi, Stefano, L\u2019art au XVe si\u00e8cle, Hazan, 2005<\/li><\/ul>\n","protected":false},"excerpt":{"rendered":"<p>Acidini-Luchinat, Cristina, Botticelli : Les all\u00e9gories mythologiques, Gallimard, 2001 Acidini-Luchinat, Cristina, La Chapelle des Mages : Benozzo Gozzoli, Gallimard 1994 Alberti, Leon-Battista, L\u2019Art d\u2019\u00e9difier, (Traduction [&#8230;]<\/p>\n","protected":false},"author":2,"featured_media":0,"parent":0,"menu_order":0,"comment_status":"closed","ping_status":"closed","template":"templates\/template-fullwidth.php","meta":{"footnotes":""},"class_list":["post-13037","page","type-page","status-publish","hentry"],"yoast_head":"<!-- This site is optimized with the Yoast SEO plugin v27.2 - https:\/\/yoast.com\/product\/yoast-seo-wordpress\/ -->\n<title>Bibliograf\u00eda - Aparences<\/title>\n<meta name=\"robots\" content=\"index, follow, max-snippet:-1, max-image-preview:large, max-video-preview:-1\" \/>\n<link rel=\"canonical\" href=\"https:\/\/www.aparences.net\/es\/bibliografia\/\" \/>\n<meta property=\"og:locale\" content=\"es_ES\" \/>\n<meta property=\"og:type\" content=\"article\" \/>\n<meta property=\"og:title\" content=\"Bibliograf\u00eda - Aparences\" \/>\n<meta property=\"og:description\" content=\"Acidini-Luchinat, Cristina, Botticelli : Les all\u00e9gories mythologiques, Gallimard, 2001 Acidini-Luchinat, Cristina, La Chapelle des Mages : Benozzo Gozzoli, Gallimard 1994 Alberti, Leon-Battista, L\u2019Art d\u2019\u00e9difier, (Traduction [...]\" \/>\n<meta property=\"og:url\" content=\"https:\/\/www.aparences.net\/es\/bibliografia\/\" \/>\n<meta property=\"og:site_name\" content=\"Aparences\" \/>\n<meta property=\"article:modified_time\" content=\"2020-01-23T08:30:49+00:00\" \/>\n<meta name=\"twitter:card\" content=\"summary_large_image\" \/>\n<meta name=\"twitter:label1\" content=\"Tiempo de lectura\" \/>\n\t<meta name=\"twitter:data1\" content=\"10 minutos\" \/>\n<script type=\"application\/ld+json\" class=\"yoast-schema-graph\">{\"@context\":\"https:\/\/schema.org\",\"@graph\":[{\"@type\":\"WebPage\",\"@id\":\"https:\/\/www.aparences.net\/es\/bibliografia\/\",\"url\":\"https:\/\/www.aparences.net\/es\/bibliografia\/\",\"name\":\"Bibliograf\u00eda - Aparences\",\"isPartOf\":{\"@id\":\"https:\/\/www.aparences.net\/es\/#website\"},\"datePublished\":\"2012-04-07T23:31:18+00:00\",\"dateModified\":\"2020-01-23T08:30:49+00:00\",\"breadcrumb\":{\"@id\":\"https:\/\/www.aparences.net\/es\/bibliografia\/#breadcrumb\"},\"inLanguage\":\"es\",\"potentialAction\":[{\"@type\":\"ReadAction\",\"target\":[\"https:\/\/www.aparences.net\/es\/bibliografia\/\"]}]},{\"@type\":\"BreadcrumbList\",\"@id\":\"https:\/\/www.aparences.net\/es\/bibliografia\/#breadcrumb\",\"itemListElement\":[{\"@type\":\"ListItem\",\"position\":1,\"name\":\"Portada\",\"item\":\"https:\/\/www.aparences.net\/es\/\"},{\"@type\":\"ListItem\",\"position\":2,\"name\":\"Bibliograf\u00eda\"}]},{\"@type\":\"WebSite\",\"@id\":\"https:\/\/www.aparences.net\/es\/#website\",\"url\":\"https:\/\/www.aparences.net\/es\/\",\"name\":\"Aparences: Historia del Arte y Actualidad Cultural\",\"description\":\"\",\"publisher\":{\"@id\":\"https:\/\/www.aparences.net\/es\/#organization\"},\"potentialAction\":[{\"@type\":\"SearchAction\",\"target\":{\"@type\":\"EntryPoint\",\"urlTemplate\":\"https:\/\/www.aparences.net\/es\/?s={search_term_string}\"},\"query-input\":{\"@type\":\"PropertyValueSpecification\",\"valueRequired\":true,\"valueName\":\"search_term_string\"}}],\"inLanguage\":\"es\"},{\"@type\":\"Organization\",\"@id\":\"https:\/\/www.aparences.net\/es\/#organization\",\"name\":\"Aparences: Historia del Arte y Actualidad Cultural\",\"url\":\"https:\/\/www.aparences.net\/es\/\",\"logo\":{\"@type\":\"ImageObject\",\"inLanguage\":\"es\",\"@id\":\"https:\/\/www.aparences.net\/es\/#\/schema\/logo\/image\/\",\"url\":\"https:\/\/www.aparences.net\/wp-content\/uploads\/2023\/09\/logo-quadrat-color-e1695915315229.png\",\"contentUrl\":\"https:\/\/www.aparences.net\/wp-content\/uploads\/2023\/09\/logo-quadrat-color-e1695915315229.png\",\"width\":120,\"height\":120,\"caption\":\"Aparences: Historia del Arte y Actualidad Cultural\"},\"image\":{\"@id\":\"https:\/\/www.aparences.net\/es\/#\/schema\/logo\/image\/\"}}]}<\/script>\n<!-- \/ Yoast SEO plugin. -->","yoast_head_json":{"title":"Bibliograf\u00eda - Aparences","robots":{"index":"index","follow":"follow","max-snippet":"max-snippet:-1","max-image-preview":"max-image-preview:large","max-video-preview":"max-video-preview:-1"},"canonical":"https:\/\/www.aparences.net\/es\/bibliografia\/","og_locale":"es_ES","og_type":"article","og_title":"Bibliograf\u00eda - Aparences","og_description":"Acidini-Luchinat, Cristina, Botticelli : Les all\u00e9gories mythologiques, Gallimard, 2001 Acidini-Luchinat, Cristina, La Chapelle des Mages : Benozzo Gozzoli, Gallimard 1994 Alberti, Leon-Battista, L\u2019Art d\u2019\u00e9difier, (Traduction [...]","og_url":"https:\/\/www.aparences.net\/es\/bibliografia\/","og_site_name":"Aparences","article_modified_time":"2020-01-23T08:30:49+00:00","twitter_card":"summary_large_image","twitter_misc":{"Tiempo de lectura":"10 minutos"},"schema":{"@context":"https:\/\/schema.org","@graph":[{"@type":"WebPage","@id":"https:\/\/www.aparences.net\/es\/bibliografia\/","url":"https:\/\/www.aparences.net\/es\/bibliografia\/","name":"Bibliograf\u00eda - Aparences","isPartOf":{"@id":"https:\/\/www.aparences.net\/es\/#website"},"datePublished":"2012-04-07T23:31:18+00:00","dateModified":"2020-01-23T08:30:49+00:00","breadcrumb":{"@id":"https:\/\/www.aparences.net\/es\/bibliografia\/#breadcrumb"},"inLanguage":"es","potentialAction":[{"@type":"ReadAction","target":["https:\/\/www.aparences.net\/es\/bibliografia\/"]}]},{"@type":"BreadcrumbList","@id":"https:\/\/www.aparences.net\/es\/bibliografia\/#breadcrumb","itemListElement":[{"@type":"ListItem","position":1,"name":"Portada","item":"https:\/\/www.aparences.net\/es\/"},{"@type":"ListItem","position":2,"name":"Bibliograf\u00eda"}]},{"@type":"WebSite","@id":"https:\/\/www.aparences.net\/es\/#website","url":"https:\/\/www.aparences.net\/es\/","name":"Aparences: Historia del Arte y Actualidad Cultural","description":"","publisher":{"@id":"https:\/\/www.aparences.net\/es\/#organization"},"potentialAction":[{"@type":"SearchAction","target":{"@type":"EntryPoint","urlTemplate":"https:\/\/www.aparences.net\/es\/?s={search_term_string}"},"query-input":{"@type":"PropertyValueSpecification","valueRequired":true,"valueName":"search_term_string"}}],"inLanguage":"es"},{"@type":"Organization","@id":"https:\/\/www.aparences.net\/es\/#organization","name":"Aparences: Historia del Arte y Actualidad Cultural","url":"https:\/\/www.aparences.net\/es\/","logo":{"@type":"ImageObject","inLanguage":"es","@id":"https:\/\/www.aparences.net\/es\/#\/schema\/logo\/image\/","url":"https:\/\/www.aparences.net\/wp-content\/uploads\/2023\/09\/logo-quadrat-color-e1695915315229.png","contentUrl":"https:\/\/www.aparences.net\/wp-content\/uploads\/2023\/09\/logo-quadrat-color-e1695915315229.png","width":120,"height":120,"caption":"Aparences: Historia del Arte y Actualidad Cultural"},"image":{"@id":"https:\/\/www.aparences.net\/es\/#\/schema\/logo\/image\/"}}]}},"_links":{"self":[{"href":"https:\/\/www.aparences.net\/es\/wp-json\/wp\/v2\/pages\/13037","targetHints":{"allow":["GET"]}}],"collection":[{"href":"https:\/\/www.aparences.net\/es\/wp-json\/wp\/v2\/pages"}],"about":[{"href":"https:\/\/www.aparences.net\/es\/wp-json\/wp\/v2\/types\/page"}],"author":[{"embeddable":true,"href":"https:\/\/www.aparences.net\/es\/wp-json\/wp\/v2\/users\/2"}],"replies":[{"embeddable":true,"href":"https:\/\/www.aparences.net\/es\/wp-json\/wp\/v2\/comments?post=13037"}],"version-history":[{"count":0,"href":"https:\/\/www.aparences.net\/es\/wp-json\/wp\/v2\/pages\/13037\/revisions"}],"wp:attachment":[{"href":"https:\/\/www.aparences.net\/es\/wp-json\/wp\/v2\/media?parent=13037"}],"curies":[{"name":"wp","href":"https:\/\/api.w.org\/{rel}","templated":true}]}}