{"id":19895,"date":"2020-02-20T12:41:02","date_gmt":"2020-02-20T11:41:02","guid":{"rendered":"https:\/\/www.aparences.net\/?page_id=19895"},"modified":"2020-02-20T12:45:55","modified_gmt":"2020-02-20T11:45:55","slug":"politica-cookies","status":"publish","type":"page","link":"https:\/\/www.aparences.net\/es\/politica-cookies\/","title":{"rendered":"Pol\u00edtica de Cookies"},"content":{"rendered":"\n<p>Esta pol\u00edtica de cookies forma parte de la <a href=\"https:\/\/www.aparences.net\/es\/politica-de-privacidad\/\">Pol\u00edtica de Privacidad<\/a> del Sitio Web alojado bajo el nombre de dominio <strong>aparences.net<\/strong>  y bajo cualquiera de los subdominios o p\u00e1ginas web dependientes del mismo. Al continuar  navegando por nuestra web entendemos que aceptas su uso y la presente  Pol\u00edtica de Cookies.<\/p>\n\n\n\n<h4 class=\"wp-block-heading\">\u00bfQu\u00e9 es una Cookie?<\/h4>\n\n\n\n<p>Una galleta inform\u00e1tica o cookie, es un fragmento de informaci\u00f3n enviada desde un Servidor Web y guardada en el ordenador del usuario que est\u00e1 visualizando la pagina web.<\/p>\n\n\n\n<h4 class=\"wp-block-heading\"><strong>Finalidades de las galletas que utiliza <\/strong><strong>Aparences<\/strong><\/h4>\n\n\n\n<p>Las galletas (cookies) que instala Aparences tiene las siguientes finalidades:<\/p>\n\n\n\n<ul class=\"wp-block-list\"><li>Guardar configuraciones y preferencias del usuario que utiliza los recursos web de Aparences para asegurar el correcto funcionamiento y visualizaci\u00f3n de los contenidos web por parte del usuario.<\/li><li>Obtener informaci\u00f3n del ordenador del usuario que visita y utiliza el Sitio Web: <strong>Direcci\u00f3n IP<\/strong>, <strong>Sistema Operativo<\/strong> o <strong>Tipo de Navegador<\/strong> con finalidades estad\u00edsticas.<\/li><\/ul>\n\n\n\n<p>Algunos ejemplos de galletas (cookies) que guarda Aparences en el Navegador del usuario que visita o utiliza los recursos del Sitio Web son: PHPSESSID (Control de la sesi\u00f3n del usuario), timezone (control horario), wp-settings-time (configuraci\u00f3n horaria), wordpress_sec (seguridad), wpml_language (preferencias idiom\u00e1ticas), ui-tabs (navegaci\u00f3n), viewed_cookie_policy (aceptaci\u00f3n de la presente pol\u00edtica).<\/p>\n\n\n\n<h4 class=\"wp-block-heading\">Cookies Publicitarias o de terceros<\/h4>\n\n\n\n<p>Aparences muestra anuncios publicitarios procedentes del servicio de publicdad prestado por Google AdSense y cuyo lugar de tratamiento es EE.UU. Google AdSense utiliza, entre otras, Cookies de terceros como: \u201cDoubleclick\u201d,\u00bb2mdn\u00bb, \u00abAmpproject\u00bb, \u00abAtdmt\u00bb, que almacenan informaci\u00f3n sobre el uso de esta web y el comportamiento del usuario en relaci\u00f3n con los anuncios publicitarios, productos y servicios ofertados. A t\u00edtulo informativo se facilita la siguiente informaci\u00f3n: <a rel=\"noreferrer noopener\" href=\"http:\/\/www.google.es\/policies\/privacy\/\" target=\"_blank\">Pol\u00edtica de privacidad de Google Adsense<\/a> \u2013 <a rel=\"noreferrer noopener\" href=\"https:\/\/www.google.com\/adsense\/localized-terms\" target=\"_blank\">T\u00e9rminos y condiciones<\/a> \u2013 <a rel=\"noreferrer noopener\" href=\"https:\/\/support.google.com\/adsense\/answer\/48182?sourceid=aso&amp;subid=ww-ww-et-asui&amp;medium=link\" target=\"_blank\">Pol\u00edticas del programa<\/a><\/p>\n\n\n\n<h4 class=\"wp-block-heading\">C\u00f3mo modificar la configuraci\u00f3n de las cookies o deshabilitar su uso<\/h4>\n\n\n\n<p>El usuario puede configurar su Navegador Web para que las cookies sean restringidas, bloqueadas o eliminadas. <a rel=\"noreferrer noopener\" href=\"https:\/\/support.mozilla.org\/es\/kb\/Borrar%20cookies\" target=\"_blank\">Firefox<\/a>, <a rel=\"noreferrer noopener\" href=\"https:\/\/support.google.com\/chrome\/answer\/95647?hl=es\" target=\"_blank\">Chrome<\/a>, <a rel=\"noreferrer noopener\" href=\"http:\/\/windows.microsoft.com\/es-es\/internet-explorer\/delete-manage-cookies\" target=\"_blank\">IE,<\/a> <a rel=\"noreferrer noopener\" href=\"http:\/\/help.opera.com\/Linux\/10.60\/es-ES\/cookies.html\" target=\"_blank\">Opera<\/a> y <a rel=\"noreferrer noopener\" href=\"https:\/\/support.apple.com\/es-es\/HT201265\" target=\"_blank\">Safari<\/a>.<\/p>\n\n\n\n<p>El usuario acepta expresamente, al utilizar este sitio web, el  tratamiento de la informaci\u00f3n recabada en la forma y con los fines  anteriormente mencionados. Asimismo reconoce estar informado acerca de la posibilidad de  rechazar el uso  de cookies mediante la configuraci\u00f3n apropiada en su navegador, si bien esta opci\u00f3n de bloqueo de cookies en su  navegador puede no permitirle el uso pleno de todas las funcionalidades del sitio web. Si tiene dudas sobre esta pol\u00edtica de cookies, puede  contactar con <a href=\"mailto:info@aparences.net\">info@aparences.net<\/a>.<\/p>\n","protected":false},"excerpt":{"rendered":"<p>Esta pol\u00edtica de cookies forma parte de la Pol\u00edtica de Privacidad del Sitio Web alojado bajo el nombre de dominio aparences.net y bajo cualquiera de [&#8230;]<\/p>\n","protected":false},"author":2,"featured_media":0,"parent":0,"menu_order":0,"comment_status":"closed","ping_status":"closed","template":"","meta":{"footnotes":""},"class_list":["post-19895","page","type-page","status-publish","hentry"],"yoast_head":"<!-- This site is optimized with the Yoast SEO plugin v27.2 - https:\/\/yoast.com\/product\/yoast-seo-wordpress\/ -->\n<title>Pol\u00edtica de Cookies - Aparences<\/title>\n<meta name=\"robots\" content=\"index, follow, max-snippet:-1, max-image-preview:large, max-video-preview:-1\" \/>\n<link rel=\"canonical\" href=\"https:\/\/www.aparences.net\/es\/politica-cookies\/\" \/>\n<meta property=\"og:locale\" content=\"es_ES\" \/>\n<meta property=\"og:type\" content=\"article\" \/>\n<meta property=\"og:title\" content=\"Pol\u00edtica de Cookies - Aparences\" \/>\n<meta property=\"og:description\" content=\"Esta pol\u00edtica de cookies forma parte de la Pol\u00edtica de Privacidad del Sitio Web alojado bajo el nombre de dominio aparences.net y bajo cualquiera de [...]\" \/>\n<meta property=\"og:url\" content=\"https:\/\/www.aparences.net\/es\/politica-cookies\/\" \/>\n<meta property=\"og:site_name\" content=\"Aparences\" \/>\n<meta property=\"article:modified_time\" content=\"2020-02-20T11:45:55+00:00\" \/>\n<meta name=\"twitter:card\" content=\"summary_large_image\" \/>\n<meta name=\"twitter:label1\" content=\"Tiempo de lectura\" \/>\n\t<meta name=\"twitter:data1\" content=\"2 minutos\" \/>\n<script type=\"application\/ld+json\" class=\"yoast-schema-graph\">{\"@context\":\"https:\/\/schema.org\",\"@graph\":[{\"@type\":\"WebPage\",\"@id\":\"https:\/\/www.aparences.net\/es\/politica-cookies\/\",\"url\":\"https:\/\/www.aparences.net\/es\/politica-cookies\/\",\"name\":\"Pol\u00edtica de Cookies - Aparences\",\"isPartOf\":{\"@id\":\"https:\/\/www.aparences.net\/es\/#website\"},\"datePublished\":\"2020-02-20T11:41:02+00:00\",\"dateModified\":\"2020-02-20T11:45:55+00:00\",\"breadcrumb\":{\"@id\":\"https:\/\/www.aparences.net\/es\/politica-cookies\/#breadcrumb\"},\"inLanguage\":\"es\",\"potentialAction\":[{\"@type\":\"ReadAction\",\"target\":[\"https:\/\/www.aparences.net\/es\/politica-cookies\/\"]}]},{\"@type\":\"BreadcrumbList\",\"@id\":\"https:\/\/www.aparences.net\/es\/politica-cookies\/#breadcrumb\",\"itemListElement\":[{\"@type\":\"ListItem\",\"position\":1,\"name\":\"Portada\",\"item\":\"https:\/\/www.aparences.net\/es\/\"},{\"@type\":\"ListItem\",\"position\":2,\"name\":\"Pol\u00edtica de Cookies\"}]},{\"@type\":\"WebSite\",\"@id\":\"https:\/\/www.aparences.net\/es\/#website\",\"url\":\"https:\/\/www.aparences.net\/es\/\",\"name\":\"Aparences: Historia del Arte y Actualidad Cultural\",\"description\":\"\",\"publisher\":{\"@id\":\"https:\/\/www.aparences.net\/es\/#organization\"},\"potentialAction\":[{\"@type\":\"SearchAction\",\"target\":{\"@type\":\"EntryPoint\",\"urlTemplate\":\"https:\/\/www.aparences.net\/es\/?s={search_term_string}\"},\"query-input\":{\"@type\":\"PropertyValueSpecification\",\"valueRequired\":true,\"valueName\":\"search_term_string\"}}],\"inLanguage\":\"es\"},{\"@type\":\"Organization\",\"@id\":\"https:\/\/www.aparences.net\/es\/#organization\",\"name\":\"Aparences: Historia del Arte y Actualidad Cultural\",\"url\":\"https:\/\/www.aparences.net\/es\/\",\"logo\":{\"@type\":\"ImageObject\",\"inLanguage\":\"es\",\"@id\":\"https:\/\/www.aparences.net\/es\/#\/schema\/logo\/image\/\",\"url\":\"https:\/\/www.aparences.net\/wp-content\/uploads\/2023\/09\/logo-quadrat-color-e1695915315229.png\",\"contentUrl\":\"https:\/\/www.aparences.net\/wp-content\/uploads\/2023\/09\/logo-quadrat-color-e1695915315229.png\",\"width\":120,\"height\":120,\"caption\":\"Aparences: Historia del Arte y Actualidad Cultural\"},\"image\":{\"@id\":\"https:\/\/www.aparences.net\/es\/#\/schema\/logo\/image\/\"}}]}<\/script>\n<!-- \/ Yoast SEO plugin. -->","yoast_head_json":{"title":"Pol\u00edtica de Cookies - Aparences","robots":{"index":"index","follow":"follow","max-snippet":"max-snippet:-1","max-image-preview":"max-image-preview:large","max-video-preview":"max-video-preview:-1"},"canonical":"https:\/\/www.aparences.net\/es\/politica-cookies\/","og_locale":"es_ES","og_type":"article","og_title":"Pol\u00edtica de Cookies - Aparences","og_description":"Esta pol\u00edtica de cookies forma parte de la Pol\u00edtica de Privacidad del Sitio Web alojado bajo el nombre de dominio aparences.net y bajo cualquiera de [...]","og_url":"https:\/\/www.aparences.net\/es\/politica-cookies\/","og_site_name":"Aparences","article_modified_time":"2020-02-20T11:45:55+00:00","twitter_card":"summary_large_image","twitter_misc":{"Tiempo de lectura":"2 minutos"},"schema":{"@context":"https:\/\/schema.org","@graph":[{"@type":"WebPage","@id":"https:\/\/www.aparences.net\/es\/politica-cookies\/","url":"https:\/\/www.aparences.net\/es\/politica-cookies\/","name":"Pol\u00edtica de Cookies - Aparences","isPartOf":{"@id":"https:\/\/www.aparences.net\/es\/#website"},"datePublished":"2020-02-20T11:41:02+00:00","dateModified":"2020-02-20T11:45:55+00:00","breadcrumb":{"@id":"https:\/\/www.aparences.net\/es\/politica-cookies\/#breadcrumb"},"inLanguage":"es","potentialAction":[{"@type":"ReadAction","target":["https:\/\/www.aparences.net\/es\/politica-cookies\/"]}]},{"@type":"BreadcrumbList","@id":"https:\/\/www.aparences.net\/es\/politica-cookies\/#breadcrumb","itemListElement":[{"@type":"ListItem","position":1,"name":"Portada","item":"https:\/\/www.aparences.net\/es\/"},{"@type":"ListItem","position":2,"name":"Pol\u00edtica de Cookies"}]},{"@type":"WebSite","@id":"https:\/\/www.aparences.net\/es\/#website","url":"https:\/\/www.aparences.net\/es\/","name":"Aparences: Historia del Arte y Actualidad Cultural","description":"","publisher":{"@id":"https:\/\/www.aparences.net\/es\/#organization"},"potentialAction":[{"@type":"SearchAction","target":{"@type":"EntryPoint","urlTemplate":"https:\/\/www.aparences.net\/es\/?s={search_term_string}"},"query-input":{"@type":"PropertyValueSpecification","valueRequired":true,"valueName":"search_term_string"}}],"inLanguage":"es"},{"@type":"Organization","@id":"https:\/\/www.aparences.net\/es\/#organization","name":"Aparences: Historia del Arte y Actualidad Cultural","url":"https:\/\/www.aparences.net\/es\/","logo":{"@type":"ImageObject","inLanguage":"es","@id":"https:\/\/www.aparences.net\/es\/#\/schema\/logo\/image\/","url":"https:\/\/www.aparences.net\/wp-content\/uploads\/2023\/09\/logo-quadrat-color-e1695915315229.png","contentUrl":"https:\/\/www.aparences.net\/wp-content\/uploads\/2023\/09\/logo-quadrat-color-e1695915315229.png","width":120,"height":120,"caption":"Aparences: Historia del Arte y Actualidad Cultural"},"image":{"@id":"https:\/\/www.aparences.net\/es\/#\/schema\/logo\/image\/"}}]}},"_links":{"self":[{"href":"https:\/\/www.aparences.net\/es\/wp-json\/wp\/v2\/pages\/19895","targetHints":{"allow":["GET"]}}],"collection":[{"href":"https:\/\/www.aparences.net\/es\/wp-json\/wp\/v2\/pages"}],"about":[{"href":"https:\/\/www.aparences.net\/es\/wp-json\/wp\/v2\/types\/page"}],"author":[{"embeddable":true,"href":"https:\/\/www.aparences.net\/es\/wp-json\/wp\/v2\/users\/2"}],"replies":[{"embeddable":true,"href":"https:\/\/www.aparences.net\/es\/wp-json\/wp\/v2\/comments?post=19895"}],"version-history":[{"count":0,"href":"https:\/\/www.aparences.net\/es\/wp-json\/wp\/v2\/pages\/19895\/revisions"}],"wp:attachment":[{"href":"https:\/\/www.aparences.net\/es\/wp-json\/wp\/v2\/media?parent=19895"}],"curies":[{"name":"wp","href":"https:\/\/api.w.org\/{rel}","templated":true}]}}